{"id":401,"date":"2021-11-01T11:30:50","date_gmt":"2021-11-01T11:30:50","guid":{"rendered":"https:\/\/demo.athemes.com\/sydney-main\/?page_id=401"},"modified":"2022-11-22T16:38:22","modified_gmt":"2022-11-22T16:38:22","slug":"about","status":"publish","type":"page","link":"https:\/\/outerminds.com\/fr\/about\/","title":{"rendered":"\u00c0 propos"},"content":{"rendered":"<div data-elementor-type=\"wp-page\" data-elementor-id=\"401\" class=\"elementor elementor-401\" data-elementor-post-type=\"page\">\n\t\t\t\t\t\t<section class=\"elementor-section elementor-top-section elementor-element elementor-element-eedafb9 elementor-section-content-middle elementor-reverse-mobile elementor-reverse-tablet elementor-section-boxed elementor-section-height-default elementor-section-height-default\" data-id=\"eedafb9\" data-element_type=\"section\" data-e-type=\"section\" data-settings=\"{&quot;background_background&quot;:&quot;classic&quot;}\">\n\t\t\t\t\t\t<div class=\"elementor-container elementor-column-gap-default\">\n\t\t\t\t\t<div class=\"elementor-column elementor-col-50 elementor-top-column elementor-element elementor-element-571508b\" data-id=\"571508b\" data-element_type=\"column\" data-e-type=\"column\" data-settings=\"{&quot;background_background&quot;:&quot;classic&quot;}\">\n\t\t\t<div class=\"elementor-widget-wrap elementor-element-populated\">\n\t\t\t\t\t\t<div class=\"elementor-element elementor-element-1cf0f1c elementor-widget elementor-widget-text-editor\" data-id=\"1cf0f1c\" data-element_type=\"widget\" data-e-type=\"widget\" data-widget_type=\"text-editor.default\">\n\t\t\t\t<div class=\"elementor-widget-container\">\n\t\t\t\t\t\t\t\t\t<p>Outerminds est un studio de d\u00e9veloppement de jeux vid\u00e9o ind\u00e9pendant situ\u00e9 \u00e0 Montr\u00e9al au Canada fond\u00e9 en 2014 par Sylvain Savard, Nicolas Brunet-Messier, Alexandre Caron et Guiz de Pessemier.<\/p><p class=\"translation-block\">Apr\u00e8s avoir cr\u00e9\u00e9 notre premier jeu Tadpole Tap, nous sommes entr\u00e9s dans un game jam organis\u00e9 par le c\u00e9l\u00e8bre YouTubeur<a href=\"https:\/\/www.youtube.com\/user\/PewDiePie\" target=\"_self\"> PewDiePie <\/a> et avons d\u00e9cid\u00e9 de cr\u00e9er un jeu le mettant en vedette. Il nous a rapidement contact\u00e9 et a demand\u00e9 que nous d\u00e9veloppions le jeu d\u2019avantage. Le r\u00e9sultat - <a href=\"https:\/\/outerminds.com\/fr\/games\/Legend of the Brofist\/\" target=\"_self\">PewDiePie: Legend of the Brofist<\/a> - fut le d\u00e9but d'une longue collaboration avec PewdiePie.<\/p><p>Depuis, Outerminds a cr\u00e9\u00e9 3 autres jeux dont 2 avec PewDiePie et est pass\u00e9 de sa petite \u00e9quipe d'origine \u00e0 une \u00e9quipe de plus de 30 personnes. Nous d\u00e9veloppons actuellement des jeux pour mobile, console et PC, y compris le tr\u00e8s attendu Turbo Kid<\/p>\t\t\t\t\t\t\t\t<\/div>\n\t\t\t\t<\/div>\n\t\t\t\t\t<\/div>\n\t\t<\/div>\n\t\t\t\t<div class=\"elementor-column elementor-col-50 elementor-top-column elementor-element elementor-element-9e24841\" data-id=\"9e24841\" data-element_type=\"column\" data-e-type=\"column\" data-settings=\"{&quot;background_background&quot;:&quot;classic&quot;}\">\n\t\t\t<div class=\"elementor-widget-wrap elementor-element-populated\">\n\t\t\t\t\t\t<div class=\"elementor-element elementor-element-840e654 elementor-widget elementor-widget-image\" data-id=\"840e654\" data-element_type=\"widget\" data-e-type=\"widget\" data-widget_type=\"image.default\">\n\t\t\t\t<div class=\"elementor-widget-container\">\n\t\t\t\t\t\t\t\t\t\t\t\t\t\t\t<img fetchpriority=\"high\" decoding=\"async\" width=\"800\" height=\"600\" src=\"https:\/\/outerminds.com\/wp-content\/uploads\/2022\/07\/Outerminds-2-1024x768.jpg\" class=\"attachment-large size-large wp-image-8457\" alt=\"\" srcset=\"https:\/\/outerminds.com\/wp-content\/uploads\/2022\/07\/Outerminds-2-1024x768.jpg 1024w, https:\/\/outerminds.com\/wp-content\/uploads\/2022\/07\/Outerminds-2-300x225.jpg 300w, https:\/\/outerminds.com\/wp-content\/uploads\/2022\/07\/Outerminds-2-768x576.jpg 768w, https:\/\/outerminds.com\/wp-content\/uploads\/2022\/07\/Outerminds-2-1536x1152.jpg 1536w, https:\/\/outerminds.com\/wp-content\/uploads\/2022\/07\/Outerminds-2-2048x1536.jpg 2048w, https:\/\/outerminds.com\/wp-content\/uploads\/2022\/07\/Outerminds-2-16x12.jpg 16w\" sizes=\"(max-width: 800px) 100vw, 800px\" \/>\t\t\t\t\t\t\t\t\t\t\t\t\t\t\t<\/div>\n\t\t\t\t<\/div>\n\t\t\t\t\t<\/div>\n\t\t<\/div>\n\t\t\t\t\t<\/div>\n\t\t<\/section>\n\t\t\t\t<section class=\"elementor-section elementor-top-section elementor-element elementor-element-aa357ca elementor-section-full_width elementor-section-height-default elementor-section-height-default\" data-id=\"aa357ca\" data-element_type=\"section\" data-e-type=\"section\">\n\t\t\t\t\t\t<div class=\"elementor-container elementor-column-gap-default\">\n\t\t\t\t\t<div class=\"elementor-column elementor-col-100 elementor-top-column elementor-element elementor-element-50a14cd\" data-id=\"50a14cd\" data-element_type=\"column\" data-e-type=\"column\">\n\t\t\t<div class=\"elementor-widget-wrap elementor-element-populated\">\n\t\t\t\t\t\t<section class=\"elementor-section elementor-inner-section elementor-element elementor-element-fc4bb31 elementor-section-boxed elementor-section-height-default elementor-section-height-default\" data-id=\"fc4bb31\" data-element_type=\"section\" data-e-type=\"section\">\n\t\t\t\t\t\t<div class=\"elementor-container elementor-column-gap-extended\">\n\t\t\t\t\t<div class=\"elementor-column elementor-col-100 elementor-inner-column elementor-element elementor-element-936216a\" data-id=\"936216a\" data-element_type=\"column\" data-e-type=\"column\">\n\t\t\t<div class=\"elementor-widget-wrap elementor-element-populated\">\n\t\t\t\t\t\t<div class=\"elementor-element elementor-element-f3358db elementor-widget elementor-widget-heading\" data-id=\"f3358db\" data-element_type=\"widget\" data-e-type=\"widget\" data-widget_type=\"heading.default\">\n\t\t\t\t<div class=\"elementor-widget-container\">\n\t\t\t\t\t<h2 class=\"elementor-heading-title elementor-size-default\">Fondateurs<\/h2>\t\t\t\t<\/div>\n\t\t\t\t<\/div>\n\t\t\t\t\t<\/div>\n\t\t<\/div>\n\t\t\t\t\t<\/div>\n\t\t<\/section>\n\t\t\t\t<section class=\"elementor-section elementor-inner-section elementor-element elementor-element-ef55ae6 elementor-section-boxed elementor-section-height-default elementor-section-height-default\" data-id=\"ef55ae6\" data-element_type=\"section\" data-e-type=\"section\">\n\t\t\t\t\t\t<div class=\"elementor-container elementor-column-gap-extended\">\n\t\t\t\t\t<div class=\"elementor-column elementor-col-33 elementor-inner-column elementor-element elementor-element-5daae18\" data-id=\"5daae18\" data-element_type=\"column\" data-e-type=\"column\">\n\t\t\t<div class=\"elementor-widget-wrap elementor-element-populated\">\n\t\t\t\t\t\t<div class=\"elementor-element elementor-element-0b0f7d5 elementor-widget elementor-widget-image\" data-id=\"0b0f7d5\" data-element_type=\"widget\" data-e-type=\"widget\" data-widget_type=\"image.default\">\n\t\t\t\t<div class=\"elementor-widget-container\">\n\t\t\t\t\t\t\t\t\t\t\t\t\t\t\t<img decoding=\"async\" width=\"800\" height=\"600\" src=\"https:\/\/outerminds.com\/wp-content\/uploads\/2022\/06\/Sylz-Founder.jpg\" class=\"attachment-large size-large wp-image-5013\" alt=\"Sylvain Savard\u200b\" \/>\t\t\t\t\t\t\t\t\t\t\t\t\t\t\t<\/div>\n\t\t\t\t<\/div>\n\t\t\t\t<div class=\"elementor-element elementor-element-cbc8877 elementor-widget elementor-widget-heading\" data-id=\"cbc8877\" data-element_type=\"widget\" data-e-type=\"widget\" data-widget_type=\"heading.default\">\n\t\t\t\t<div class=\"elementor-widget-container\">\n\t\t\t\t\t<h6 class=\"elementor-heading-title elementor-size-default\">Directeur Cr\u00e9atif<\/h6>\t\t\t\t<\/div>\n\t\t\t\t<\/div>\n\t\t\t\t<div class=\"elementor-element elementor-element-7fd72d9 elementor-widget elementor-widget-heading\" data-id=\"7fd72d9\" data-element_type=\"widget\" data-e-type=\"widget\" data-widget_type=\"heading.default\">\n\t\t\t\t<div class=\"elementor-widget-container\">\n\t\t\t\t\t<h3 class=\"elementor-heading-title elementor-size-default\">Sylvain Savard<\/h3>\t\t\t\t<\/div>\n\t\t\t\t<\/div>\n\t\t\t\t<div class=\"elementor-element elementor-element-b3becbd elementor-widget elementor-widget-text-editor\" data-id=\"b3becbd\" data-element_type=\"widget\" data-e-type=\"widget\" data-widget_type=\"text-editor.default\">\n\t\t\t\t<div class=\"elementor-widget-container\">\n\t\t\t\t\t\t\t\t\t<p>Tout au long de son parcours de 15 ans dans l'industrie du jeu vid\u00e9o, Sylvain a non seulement perfectionn\u00e9 son talent artistique, mais \u00e9galement ses comp\u00e9tences en conception de jeux. Apr\u00e8s avoir cofond\u00e9 Outerminds, il a d\u00e9montr\u00e9 son savoir-faire en participant au d\u00e9veloppement du jeu le plus populaire du studio. Sylvain se lance constamment \u00e0 lui-m\u00eame et le d\u00e9fi constant \u00e0 d'\u00eatre meilleur, plus original et met toujours le plaisir au premier plan de l'\u00e9quation lors du d\u00e9veloppement de nouveaux projets.<\/p>\t\t\t\t\t\t\t\t<\/div>\n\t\t\t\t<\/div>\n\t\t\t\t\t<\/div>\n\t\t<\/div>\n\t\t\t\t<div class=\"elementor-column elementor-col-33 elementor-inner-column elementor-element elementor-element-cdd1026\" data-id=\"cdd1026\" data-element_type=\"column\" data-e-type=\"column\">\n\t\t\t<div class=\"elementor-widget-wrap elementor-element-populated\">\n\t\t\t\t\t\t<div class=\"elementor-element elementor-element-1c963dd elementor-widget elementor-widget-image\" data-id=\"1c963dd\" data-element_type=\"widget\" data-e-type=\"widget\" data-widget_type=\"image.default\">\n\t\t\t\t<div class=\"elementor-widget-container\">\n\t\t\t\t\t\t\t\t\t\t\t\t\t\t\t<img decoding=\"async\" width=\"800\" height=\"600\" src=\"https:\/\/outerminds.com\/wp-content\/uploads\/2022\/06\/Alex-Founder.jpg\" class=\"attachment-large size-large wp-image-5011\" alt=\"Alexandre Caron\u200b\" \/>\t\t\t\t\t\t\t\t\t\t\t\t\t\t\t<\/div>\n\t\t\t\t<\/div>\n\t\t\t\t<div class=\"elementor-element elementor-element-3ceda1d elementor-widget elementor-widget-heading\" data-id=\"3ceda1d\" data-element_type=\"widget\" data-e-type=\"widget\" data-widget_type=\"heading.default\">\n\t\t\t\t<div class=\"elementor-widget-container\">\n\t\t\t\t\t<h6 class=\"elementor-heading-title elementor-size-default\">Directeur Cr\u00e9atif<\/h6>\t\t\t\t<\/div>\n\t\t\t\t<\/div>\n\t\t\t\t<div class=\"elementor-element elementor-element-3a3f363 elementor-widget elementor-widget-heading\" data-id=\"3a3f363\" data-element_type=\"widget\" data-e-type=\"widget\" data-widget_type=\"heading.default\">\n\t\t\t\t<div class=\"elementor-widget-container\">\n\t\t\t\t\t<h3 class=\"elementor-heading-title elementor-size-default\">Alexandre Caron<\/h3>\t\t\t\t<\/div>\n\t\t\t\t<\/div>\n\t\t\t\t<div class=\"elementor-element elementor-element-00540c4 elementor-widget elementor-widget-text-editor\" data-id=\"00540c4\" data-element_type=\"widget\" data-e-type=\"widget\" data-widget_type=\"text-editor.default\">\n\t\t\t\t<div class=\"elementor-widget-container\">\n\t\t\t\t\t\t\t\t\t<p>Avec 15 ans d'exp\u00e9rience dans le jeu vid\u00e9o \u00e0 son actif, Alexandre a \u00e9t\u00e9 impliqu\u00e9 dans la production de tous les jeux depuis qu\u2019il a co-fond\u00e9 Outerminds et a touch\u00e9 \u00e0 tous les aspects du d\u00e9veloppement de jeux, des concepts \u00e0 la maintenance, de la programmation \u00e0 la conception narrative. Avec son partenaire Sylvain, il participe aux d\u00e9cisions cr\u00e9atives de chaque jeu. Il conna\u00eet personnellement tous ses employ\u00e9s et a le don de tirer le meilleur d'eux et d'encourager le travail d'\u00e9quipe.<\/p>\t\t\t\t\t\t\t\t<\/div>\n\t\t\t\t<\/div>\n\t\t\t\t\t<\/div>\n\t\t<\/div>\n\t\t\t\t<div class=\"elementor-column elementor-col-33 elementor-inner-column elementor-element elementor-element-c291320\" data-id=\"c291320\" data-element_type=\"column\" data-e-type=\"column\">\n\t\t\t<div class=\"elementor-widget-wrap elementor-element-populated\">\n\t\t\t\t\t\t<div class=\"elementor-element elementor-element-4e49c49 elementor-widget elementor-widget-image\" data-id=\"4e49c49\" data-element_type=\"widget\" data-e-type=\"widget\" data-widget_type=\"image.default\">\n\t\t\t\t<div class=\"elementor-widget-container\">\n\t\t\t\t\t\t\t\t\t\t\t\t\t\t\t<img loading=\"lazy\" decoding=\"async\" width=\"800\" height=\"600\" src=\"https:\/\/outerminds.com\/wp-content\/uploads\/2022\/06\/Guiz-Founder.jpg\" class=\"attachment-large size-large wp-image-5012\" alt=\"Guiz De Pessemier\u200b\" \/>\t\t\t\t\t\t\t\t\t\t\t\t\t\t\t<\/div>\n\t\t\t\t<\/div>\n\t\t\t\t<div class=\"elementor-element elementor-element-6e68bdc elementor-widget elementor-widget-heading\" data-id=\"6e68bdc\" data-element_type=\"widget\" data-e-type=\"widget\" data-widget_type=\"heading.default\">\n\t\t\t\t<div class=\"elementor-widget-container\">\n\t\t\t\t\t<h6 class=\"elementor-heading-title elementor-size-default\">D\u00e9veloppement des affaires<\/h6>\t\t\t\t<\/div>\n\t\t\t\t<\/div>\n\t\t\t\t<div class=\"elementor-element elementor-element-e211978 elementor-widget elementor-widget-heading\" data-id=\"e211978\" data-element_type=\"widget\" data-e-type=\"widget\" data-widget_type=\"heading.default\">\n\t\t\t\t<div class=\"elementor-widget-container\">\n\t\t\t\t\t<h3 class=\"elementor-heading-title elementor-size-default\">Guiz de Pessemier<\/h3>\t\t\t\t<\/div>\n\t\t\t\t<\/div>\n\t\t\t\t<div class=\"elementor-element elementor-element-72fec42 elementor-widget elementor-widget-text-editor\" data-id=\"72fec42\" data-element_type=\"widget\" data-e-type=\"widget\" data-widget_type=\"text-editor.default\">\n\t\t\t\t<div class=\"elementor-widget-container\">\n\t\t\t\t\t\t\t\t\t<p>Guiz a toujours \u00e9t\u00e9 passionn\u00e9 par les jeux vid\u00e9o. Lui-m\u00eame un streamer populaire de contenu de jeux vid\u00e9o, il a un doigt sur le pouls du march\u00e9 des influenceurs. Ayant d\u00e9velopp\u00e9 un sens aigu des affaires au fil des ann\u00e9es, Guiz a r\u00e9ussi maintenir une mon\u00e9tisation constante des jeux Outerminds. Avec son attitude directe et amicale, Guiz est un n\u00e9gociateur efficace qui place l'\u00e9quit\u00e9 et la clart\u00e9 au-dessus de tout pour assurer la satisfaction de nos partenaires d\u2019affaires et de nos employ\u00e9s.<\/p>\t\t\t\t\t\t\t\t<\/div>\n\t\t\t\t<\/div>\n\t\t\t\t\t<\/div>\n\t\t<\/div>\n\t\t\t\t\t<\/div>\n\t\t<\/section>\n\t\t\t\t\t<\/div>\n\t\t<\/div>\n\t\t\t\t\t<\/div>\n\t\t<\/section>\n\t\t\t\t<section class=\"elementor-section elementor-top-section elementor-element elementor-element-c84d139 elementor-section-height-min-height elementor-section-boxed elementor-section-height-default elementor-section-items-middle\" data-id=\"c84d139\" data-element_type=\"section\" data-e-type=\"section\" data-settings=\"{&quot;background_background&quot;:&quot;classic&quot;}\">\n\t\t\t\t\t\t<div class=\"elementor-container elementor-column-gap-default\">\n\t\t\t\t\t<div class=\"elementor-column elementor-col-100 elementor-top-column elementor-element elementor-element-ac50bbb\" data-id=\"ac50bbb\" data-element_type=\"column\" data-e-type=\"column\">\n\t\t\t<div class=\"elementor-widget-wrap elementor-element-populated\">\n\t\t\t\t\t\t<div class=\"elementor-element elementor-element-0bde903 elementor-widget elementor-widget-heading\" data-id=\"0bde903\" data-element_type=\"widget\" data-e-type=\"widget\" data-widget_type=\"heading.default\">\n\t\t\t\t<div class=\"elementor-widget-container\">\n\t\t\t\t\t<h1 class=\"elementor-heading-title elementor-size-xxl\">Vous voulez nous rejoindre ?<\/h1>\t\t\t\t<\/div>\n\t\t\t\t<\/div>\n\t\t\t\t<div class=\"elementor-element elementor-element-1b48b5c elementor-align-center elementor-mobile-align-center elementor-widget elementor-widget-button\" data-id=\"1b48b5c\" data-element_type=\"widget\" data-e-type=\"widget\" data-widget_type=\"button.default\">\n\t\t\t\t<div class=\"elementor-widget-container\">\n\t\t\t\t\t\t\t\t\t<div class=\"elementor-button-wrapper\">\n\t\t\t\t\t<a class=\"elementor-button elementor-button-link elementor-size-sm\" href=\"https:\/\/outerminds.com\/fr\/job-offers\/\">\n\t\t\t\t\t\t<span class=\"elementor-button-content-wrapper\">\n\t\t\t\t\t\t\t\t\t<span class=\"elementor-button-text\">Carri\u00e8res<\/span>\n\t\t\t\t\t<\/span>\n\t\t\t\t\t<\/a>\n\t\t\t\t<\/div>\n\t\t\t\t\t\t\t\t<\/div>\n\t\t\t\t<\/div>\n\t\t\t\t\t<\/div>\n\t\t<\/div>\n\t\t\t\t\t<\/div>\n\t\t<\/section>\n\t\t\t\t<\/div>","protected":false},"excerpt":{"rendered":"<p>Outerminds is an indie video game developing studio located in Montreal Canada founded in 2014 by Sylvain Savard, Nicolas Brunet-Messier, Alexandre Caron and Guiz de Pessemier. After creating our first game Tadpole Tap, we entered a game jam organized by YouTube Celebrity PewDiePie and decided to create a game starring the YouTuber himself. He quickly [&hellip;]<\/p>\n","protected":false},"author":1,"featured_media":0,"parent":0,"menu_order":0,"comment_status":"closed","ping_status":"closed","template":"","meta":{"_exactmetrics_skip_tracking":false,"_exactmetrics_sitenote_active":false,"_exactmetrics_sitenote_note":"","_exactmetrics_sitenote_category":0,"footnotes":""},"class_list":["post-401","page","type-page","status-publish","hentry"],"yoast_head":"<!-- This site is optimized with the Yoast SEO plugin v27.3 - https:\/\/yoast.com\/product\/yoast-seo-wordpress\/ -->\n<title>Outerminds About - Indie Video Game Studio from Montreal<\/title>\n<meta name=\"description\" content=\"We&#039;re an independent video game company from Montreal creating experiences with the highest standards. Great games, from a small studio.\" \/>\n<meta name=\"robots\" content=\"index, follow, max-snippet:-1, max-image-preview:large, max-video-preview:-1\" \/>\n<link rel=\"canonical\" href=\"https:\/\/outerminds.com\/fr\/about\/\" \/>\n<meta property=\"og:locale\" content=\"fr_CA\" \/>\n<meta property=\"og:type\" content=\"article\" \/>\n<meta property=\"og:title\" content=\"Outerminds About - Indie Video Game Studio from Montreal\" \/>\n<meta property=\"og:description\" content=\"We&#039;re an independent video game company from Montreal creating experiences with the highest standards. Great games, from a small studio.\" \/>\n<meta property=\"og:url\" content=\"https:\/\/outerminds.com\/fr\/about\/\" \/>\n<meta property=\"og:site_name\" content=\"Outerminds\" \/>\n<meta property=\"article:publisher\" content=\"https:\/\/www.facebook.com\/OutermindsCreations\/\" \/>\n<meta property=\"article:modified_time\" content=\"2022-11-22T16:38:22+00:00\" \/>\n<meta property=\"og:image\" content=\"https:\/\/outerminds.com\/wp-content\/uploads\/2022\/07\/Outerminds-2-1024x768.jpg\" \/>\n<meta name=\"twitter:card\" content=\"summary_large_image\" \/>\n<meta name=\"twitter:site\" content=\"@Outerminds\" \/>\n<meta name=\"twitter:label1\" content=\"Estimation du temps de lecture\" \/>\n\t<meta name=\"twitter:data1\" content=\"3 minutes\" \/>\n<script type=\"application\/ld+json\" class=\"yoast-schema-graph\">{\"@context\":\"https:\\\/\\\/schema.org\",\"@graph\":[{\"@type\":\"WebPage\",\"@id\":\"https:\\\/\\\/outerminds.com\\\/about\\\/\",\"url\":\"https:\\\/\\\/outerminds.com\\\/about\\\/\",\"name\":\"Outerminds About - Indie Video Game Studio from Montreal\",\"isPartOf\":{\"@id\":\"https:\\\/\\\/outerminds.com\\\/fr\\\/#website\"},\"primaryImageOfPage\":{\"@id\":\"https:\\\/\\\/outerminds.com\\\/about\\\/#primaryimage\"},\"image\":{\"@id\":\"https:\\\/\\\/outerminds.com\\\/about\\\/#primaryimage\"},\"thumbnailUrl\":\"https:\\\/\\\/outerminds.com\\\/wp-content\\\/uploads\\\/2022\\\/07\\\/Outerminds-2-1024x768.jpg\",\"datePublished\":\"2021-11-01T11:30:50+00:00\",\"dateModified\":\"2022-11-22T16:38:22+00:00\",\"description\":\"We're an independent video game company from Montreal creating experiences with the highest standards. Great games, from a small studio.\",\"inLanguage\":\"fr-CA\",\"potentialAction\":[{\"@type\":\"ReadAction\",\"target\":[\"https:\\\/\\\/outerminds.com\\\/about\\\/\"]}]},{\"@type\":\"ImageObject\",\"inLanguage\":\"fr-CA\",\"@id\":\"https:\\\/\\\/outerminds.com\\\/about\\\/#primaryimage\",\"url\":\"https:\\\/\\\/outerminds.com\\\/wp-content\\\/uploads\\\/2022\\\/07\\\/Outerminds-2-1024x768.jpg\",\"contentUrl\":\"https:\\\/\\\/outerminds.com\\\/wp-content\\\/uploads\\\/2022\\\/07\\\/Outerminds-2-1024x768.jpg\"},{\"@type\":\"WebSite\",\"@id\":\"https:\\\/\\\/outerminds.com\\\/fr\\\/#website\",\"url\":\"https:\\\/\\\/outerminds.com\\\/fr\\\/\",\"name\":\"Outerminds\",\"description\":\"Video Game Development\",\"publisher\":{\"@id\":\"https:\\\/\\\/outerminds.com\\\/fr\\\/#organization\"},\"potentialAction\":[{\"@type\":\"SearchAction\",\"target\":{\"@type\":\"EntryPoint\",\"urlTemplate\":\"https:\\\/\\\/outerminds.com\\\/fr\\\/?s={search_term_string}\"},\"query-input\":{\"@type\":\"PropertyValueSpecification\",\"valueRequired\":true,\"valueName\":\"search_term_string\"}}],\"inLanguage\":\"fr-CA\"},{\"@type\":\"Organization\",\"@id\":\"https:\\\/\\\/outerminds.com\\\/fr\\\/#organization\",\"name\":\"Outerminds\",\"url\":\"https:\\\/\\\/outerminds.com\\\/fr\\\/\",\"logo\":{\"@type\":\"ImageObject\",\"inLanguage\":\"fr-CA\",\"@id\":\"https:\\\/\\\/outerminds.com\\\/fr\\\/#\\\/schema\\\/logo\\\/image\\\/\",\"url\":\"https:\\\/\\\/outerminds.com\\\/wp-content\\\/uploads\\\/2022\\\/01\\\/Outerminds-Logo-nav-bar.png\",\"contentUrl\":\"https:\\\/\\\/outerminds.com\\\/wp-content\\\/uploads\\\/2022\\\/01\\\/Outerminds-Logo-nav-bar.png\",\"width\":90,\"height\":90,\"caption\":\"Outerminds\"},\"image\":{\"@id\":\"https:\\\/\\\/outerminds.com\\\/fr\\\/#\\\/schema\\\/logo\\\/image\\\/\"},\"sameAs\":[\"https:\\\/\\\/www.facebook.com\\\/OutermindsCreations\\\/\",\"https:\\\/\\\/x.com\\\/Outerminds\",\"https:\\\/\\\/www.instagram.com\\\/outerminds\\\/\",\"https:\\\/\\\/www.linkedin.com\\\/company\\\/outerminds\\\/\",\"https:\\\/\\\/www.youtube.com\\\/channel\\\/UCQusOzwwyXsHoDuyvqcbwjQ\"]}]}<\/script>\n<!-- \/ Yoast SEO plugin. -->","yoast_head_json":{"title":"Outerminds About - Indie Video Game Studio from Montreal","description":"We're an independent video game company from Montreal creating experiences with the highest standards. Great games, from a small studio.","robots":{"index":"index","follow":"follow","max-snippet":"max-snippet:-1","max-image-preview":"max-image-preview:large","max-video-preview":"max-video-preview:-1"},"canonical":"https:\/\/outerminds.com\/fr\/about\/","og_locale":"fr_CA","og_type":"article","og_title":"Outerminds About - Indie Video Game Studio from Montreal","og_description":"We're an independent video game company from Montreal creating experiences with the highest standards. Great games, from a small studio.","og_url":"https:\/\/outerminds.com\/fr\/about\/","og_site_name":"Outerminds","article_publisher":"https:\/\/www.facebook.com\/OutermindsCreations\/","article_modified_time":"2022-11-22T16:38:22+00:00","og_image":[{"url":"https:\/\/outerminds.com\/wp-content\/uploads\/2022\/07\/Outerminds-2-1024x768.jpg","type":"","width":"","height":""}],"twitter_card":"summary_large_image","twitter_site":"@Outerminds","twitter_misc":{"Estimation du temps de lecture":"3 minutes"},"schema":{"@context":"https:\/\/schema.org","@graph":[{"@type":"WebPage","@id":"https:\/\/outerminds.com\/about\/","url":"https:\/\/outerminds.com\/about\/","name":"Outerminds About - Indie Video Game Studio from Montreal","isPartOf":{"@id":"https:\/\/outerminds.com\/fr\/#website"},"primaryImageOfPage":{"@id":"https:\/\/outerminds.com\/about\/#primaryimage"},"image":{"@id":"https:\/\/outerminds.com\/about\/#primaryimage"},"thumbnailUrl":"https:\/\/outerminds.com\/wp-content\/uploads\/2022\/07\/Outerminds-2-1024x768.jpg","datePublished":"2021-11-01T11:30:50+00:00","dateModified":"2022-11-22T16:38:22+00:00","description":"We're an independent video game company from Montreal creating experiences with the highest standards. Great games, from a small studio.","inLanguage":"fr-CA","potentialAction":[{"@type":"ReadAction","target":["https:\/\/outerminds.com\/about\/"]}]},{"@type":"ImageObject","inLanguage":"fr-CA","@id":"https:\/\/outerminds.com\/about\/#primaryimage","url":"https:\/\/outerminds.com\/wp-content\/uploads\/2022\/07\/Outerminds-2-1024x768.jpg","contentUrl":"https:\/\/outerminds.com\/wp-content\/uploads\/2022\/07\/Outerminds-2-1024x768.jpg"},{"@type":"WebSite","@id":"https:\/\/outerminds.com\/fr\/#website","url":"https:\/\/outerminds.com\/fr\/","name":"Outerminds","description":"Video Game Development","publisher":{"@id":"https:\/\/outerminds.com\/fr\/#organization"},"potentialAction":[{"@type":"SearchAction","target":{"@type":"EntryPoint","urlTemplate":"https:\/\/outerminds.com\/fr\/?s={search_term_string}"},"query-input":{"@type":"PropertyValueSpecification","valueRequired":true,"valueName":"search_term_string"}}],"inLanguage":"fr-CA"},{"@type":"Organization","@id":"https:\/\/outerminds.com\/fr\/#organization","name":"Outerminds","url":"https:\/\/outerminds.com\/fr\/","logo":{"@type":"ImageObject","inLanguage":"fr-CA","@id":"https:\/\/outerminds.com\/fr\/#\/schema\/logo\/image\/","url":"https:\/\/outerminds.com\/wp-content\/uploads\/2022\/01\/Outerminds-Logo-nav-bar.png","contentUrl":"https:\/\/outerminds.com\/wp-content\/uploads\/2022\/01\/Outerminds-Logo-nav-bar.png","width":90,"height":90,"caption":"Outerminds"},"image":{"@id":"https:\/\/outerminds.com\/fr\/#\/schema\/logo\/image\/"},"sameAs":["https:\/\/www.facebook.com\/OutermindsCreations\/","https:\/\/x.com\/Outerminds","https:\/\/www.instagram.com\/outerminds\/","https:\/\/www.linkedin.com\/company\/outerminds\/","https:\/\/www.youtube.com\/channel\/UCQusOzwwyXsHoDuyvqcbwjQ"]}]}},"_links":{"self":[{"href":"https:\/\/outerminds.com\/fr\/wp-json\/wp\/v2\/pages\/401","targetHints":{"allow":["GET"]}}],"collection":[{"href":"https:\/\/outerminds.com\/fr\/wp-json\/wp\/v2\/pages"}],"about":[{"href":"https:\/\/outerminds.com\/fr\/wp-json\/wp\/v2\/types\/page"}],"author":[{"embeddable":true,"href":"https:\/\/outerminds.com\/fr\/wp-json\/wp\/v2\/users\/1"}],"replies":[{"embeddable":true,"href":"https:\/\/outerminds.com\/fr\/wp-json\/wp\/v2\/comments?post=401"}],"version-history":[{"count":0,"href":"https:\/\/outerminds.com\/fr\/wp-json\/wp\/v2\/pages\/401\/revisions"}],"wp:attachment":[{"href":"https:\/\/outerminds.com\/fr\/wp-json\/wp\/v2\/media?parent=401"}],"curies":[{"name":"wp","href":"https:\/\/api.w.org\/{rel}","templated":true}]}}