{"id":760,"date":"2022-01-09T18:47:07","date_gmt":"2022-01-09T18:47:07","guid":{"rendered":"http:\/\/localhost\/testsite\/?page_id=760"},"modified":"2023-11-03T14:43:27","modified_gmt":"2023-11-03T14:43:27","slug":"job-offers","status":"publish","type":"page","link":"https:\/\/outerminds.com\/fr\/job-offers\/","title":{"rendered":"Carri\u00e8res"},"content":{"rendered":"<div data-elementor-type=\"wp-page\" data-elementor-id=\"760\" class=\"elementor elementor-760\" data-elementor-post-type=\"page\">\n\t\t\t\t\t\t<section class=\"elementor-section elementor-top-section elementor-element elementor-element-13b8a17 elementor-reverse-mobile elementor-reverse-tablet elementor-section-boxed elementor-section-height-default elementor-section-height-default\" data-id=\"13b8a17\" data-element_type=\"section\" data-e-type=\"section\" data-settings=\"{&quot;background_background&quot;:&quot;classic&quot;}\">\n\t\t\t\t\t\t<div class=\"elementor-container elementor-column-gap-default\">\n\t\t\t\t\t<div class=\"elementor-column elementor-col-100 elementor-top-column elementor-element elementor-element-110af86\" data-id=\"110af86\" data-element_type=\"column\" data-e-type=\"column\">\n\t\t\t<div class=\"elementor-widget-wrap elementor-element-populated\">\n\t\t\t\t\t\t<section class=\"elementor-section elementor-inner-section elementor-element elementor-element-5cb5b8b elementor-reverse-mobile elementor-reverse-tablet elementor-section-boxed elementor-section-height-default elementor-section-height-default\" data-id=\"5cb5b8b\" data-element_type=\"section\" data-e-type=\"section\">\n\t\t\t\t\t\t<div class=\"elementor-container elementor-column-gap-default\">\n\t\t\t\t\t<div class=\"elementor-column elementor-col-50 elementor-inner-column elementor-element elementor-element-4c81f02\" data-id=\"4c81f02\" data-element_type=\"column\" data-e-type=\"column\" data-settings=\"{&quot;background_background&quot;:&quot;classic&quot;}\">\n\t\t\t<div class=\"elementor-widget-wrap elementor-element-populated\">\n\t\t\t\t\t\t<div class=\"elementor-element elementor-element-48c236d elementor-widget elementor-widget-text-editor\" data-id=\"48c236d\" data-element_type=\"widget\" data-e-type=\"widget\" data-widget_type=\"text-editor.default\">\n\t\t\t\t<div class=\"elementor-widget-container\">\n\t\t\t\t\t\t\t\t\t<p>Nous sommes une bande d\u00e9lur\u00e9e de cr\u00e9ateurs passionn\u00e9s qui prennent le travail tr\u00e8s au s\u00e9rieux, mais nous-m\u00eames, pas tant que \u00e7a. Nous nous engageons \u00e0 cr\u00e9er un environnement de travail sain qui encourage la discussion, l'ouverture d'esprit, l'inspiration et l'innovation.<\/p><p>En tant qu'employeur, nous croyons qu'il est important de prendre soin de notre \u00e9quipe afin qu'elle puisse \u00eatre aussi sereine que possible, lui permettant de se concentrer sur la cr\u00e9ativit\u00e9 et la productivit\u00e9. \u00c0 ce titre, nous offrons de multiples avantages sociaux \u00e0 tous les employ\u00e9s, dont un programme d\u2019aide aux employ\u00e9s et \u00e0 leur famille imm\u00e9diate, avec t\u00e9l\u00e9m\u00e9decine et sant\u00e9 mentale, une assurance collective qui couvre la sant\u00e9 physique, dentaire et mentale, un REER collectif et des semaines flexibles de 37,5 heures.<\/p>\t\t\t\t\t\t\t\t<\/div>\n\t\t\t\t<\/div>\n\t\t\t\t\t<\/div>\n\t\t<\/div>\n\t\t\t\t<div class=\"elementor-column elementor-col-50 elementor-inner-column elementor-element elementor-element-8f2ee44\" data-id=\"8f2ee44\" data-element_type=\"column\" data-e-type=\"column\">\n\t\t\t<div class=\"elementor-widget-wrap elementor-element-populated\">\n\t\t\t\t\t\t<div class=\"elementor-element elementor-element-165e7c7 elementor-widget elementor-widget-image\" data-id=\"165e7c7\" data-element_type=\"widget\" data-e-type=\"widget\" data-widget_type=\"image.default\">\n\t\t\t\t<div class=\"elementor-widget-container\">\n\t\t\t\t\t\t\t\t\t\t\t\t\t\t\t<img fetchpriority=\"high\" decoding=\"async\" width=\"800\" height=\"600\" src=\"https:\/\/outerminds.com\/wp-content\/uploads\/2022\/06\/outerminds.jpg\" class=\"attachment-large size-large wp-image-5143\" alt=\"\" \/>\t\t\t\t\t\t\t\t\t\t\t\t\t\t\t<\/div>\n\t\t\t\t<\/div>\n\t\t\t\t\t<\/div>\n\t\t<\/div>\n\t\t\t\t\t<\/div>\n\t\t<\/section>\n\t\t\t\t\t<\/div>\n\t\t<\/div>\n\t\t\t\t\t<\/div>\n\t\t<\/section>\n\t\t\t\t<section class=\"elementor-section elementor-top-section elementor-element elementor-element-a73901e elementor-section-boxed elementor-section-height-default elementor-section-height-default\" data-id=\"a73901e\" data-element_type=\"section\" data-e-type=\"section\">\n\t\t\t\t\t\t<div class=\"elementor-container elementor-column-gap-extended\">\n\t\t\t\t\t<div class=\"elementor-column elementor-col-100 elementor-top-column elementor-element elementor-element-24313fe\" data-id=\"24313fe\" data-element_type=\"column\" data-e-type=\"column\">\n\t\t\t<div class=\"elementor-widget-wrap elementor-element-populated\">\n\t\t\t\t\t\t<div class=\"elementor-element elementor-element-ec1027a elementor-widget elementor-widget-heading\" data-id=\"ec1027a\" data-element_type=\"widget\" data-e-type=\"widget\" data-widget_type=\"heading.default\">\n\t\t\t\t<div class=\"elementor-widget-container\">\n\t\t\t\t\t<h2 class=\"elementor-heading-title elementor-size-default\">Offres d'emploi<\/h2>\t\t\t\t<\/div>\n\t\t\t\t<\/div>\n\t\t\t\t\t<\/div>\n\t\t<\/div>\n\t\t\t\t\t<\/div>\n\t\t<\/section>\n\t\t\t\t<section class=\"elementor-section elementor-top-section elementor-element elementor-element-405d6bb3 elementor-section-boxed elementor-section-height-default elementor-section-height-default\" data-id=\"405d6bb3\" data-element_type=\"section\" data-e-type=\"section\" data-settings=\"{&quot;background_background&quot;:&quot;classic&quot;}\">\n\t\t\t\t\t\t<div class=\"elementor-container elementor-column-gap-default\">\n\t\t\t\t\t<div class=\"elementor-column elementor-col-100 elementor-top-column elementor-element elementor-element-20b35b76\" data-id=\"20b35b76\" data-element_type=\"column\" data-e-type=\"column\">\n\t\t\t<div class=\"elementor-widget-wrap\">\n\t\t\t\t\t\t\t<\/div>\n\t\t<\/div>\n\t\t\t\t\t<\/div>\n\t\t<\/section>\n\t\t\t\t<section class=\"elementor-section elementor-top-section elementor-element elementor-element-756cea5 elementor-section-height-min-height elementor-section-boxed elementor-section-height-default elementor-section-items-middle\" data-id=\"756cea5\" data-element_type=\"section\" data-e-type=\"section\" data-settings=\"{&quot;background_background&quot;:&quot;classic&quot;}\">\n\t\t\t\t\t\t<div class=\"elementor-container elementor-column-gap-default\">\n\t\t\t\t\t<div class=\"elementor-column elementor-col-100 elementor-top-column elementor-element elementor-element-4dd91f2\" data-id=\"4dd91f2\" data-element_type=\"column\" data-e-type=\"column\">\n\t\t\t<div class=\"elementor-widget-wrap elementor-element-populated\">\n\t\t\t\t\t\t<div class=\"elementor-element elementor-element-ab86c3a elementor-widget elementor-widget-heading\" data-id=\"ab86c3a\" data-element_type=\"widget\" data-e-type=\"widget\" data-widget_type=\"heading.default\">\n\t\t\t\t<div class=\"elementor-widget-container\">\n\t\t\t\t\t<h2 class=\"elementor-heading-title elementor-size-default\">Vous voulez faire partie de notre \u00e9quipe? Faites-nous parvenir votre CV.<\/h2>\t\t\t\t<\/div>\n\t\t\t\t<\/div>\n\t\t\t\t<div class=\"elementor-element elementor-element-aa0747b elementor-align-center elementor-mobile-align-center elementor-widget elementor-widget-button\" data-id=\"aa0747b\" data-element_type=\"widget\" data-e-type=\"widget\" data-widget_type=\"button.default\">\n\t\t\t\t<div class=\"elementor-widget-container\">\n\t\t\t\t\t\t\t\t\t<div class=\"elementor-button-wrapper\">\n\t\t\t\t\t<a class=\"elementor-button elementor-button-link elementor-size-sm\" href=\"https:\/\/outerminds.com\/fr\/resume-submission\/\">\n\t\t\t\t\t\t<span class=\"elementor-button-content-wrapper\">\n\t\t\t\t\t\t\t\t\t<span class=\"elementor-button-text\">Cliquez ici<\/span>\n\t\t\t\t\t<\/span>\n\t\t\t\t\t<\/a>\n\t\t\t\t<\/div>\n\t\t\t\t\t\t\t\t<\/div>\n\t\t\t\t<\/div>\n\t\t\t\t\t<\/div>\n\t\t<\/div>\n\t\t\t\t\t<\/div>\n\t\t<\/section>\n\t\t\t\t<\/div>","protected":false},"excerpt":{"rendered":"<p>We\u2019re a wild bunch of passionate creators who take work very seriously, but not so much ourselves. We are dedicated to create a healthy work environment that encourages discussion, open-mindedness, inspiration and innovation. As an employer, we believe our team should be taken care of so they can be as free of worries as possible [&hellip;]<\/p>\n","protected":false},"author":1,"featured_media":0,"parent":0,"menu_order":0,"comment_status":"closed","ping_status":"closed","template":"","meta":{"_exactmetrics_skip_tracking":false,"_exactmetrics_sitenote_active":false,"_exactmetrics_sitenote_note":"","_exactmetrics_sitenote_category":0,"footnotes":""},"class_list":["post-760","page","type-page","status-publish","hentry"],"yoast_head":"<!-- This site is optimized with the Yoast SEO plugin v27.3 - https:\/\/yoast.com\/product\/yoast-seo-wordpress\/ -->\n<title>Careers - Outerminds<\/title>\n<meta name=\"description\" content=\"We believe that better games come from happier employees. Join the exciting adventure now by contacting our video game studio from Montreal.\" \/>\n<meta name=\"robots\" content=\"index, follow, max-snippet:-1, max-image-preview:large, max-video-preview:-1\" \/>\n<link rel=\"canonical\" href=\"https:\/\/outerminds.com\/fr\/job-offers\/\" \/>\n<meta property=\"og:locale\" content=\"fr_CA\" \/>\n<meta property=\"og:type\" content=\"article\" \/>\n<meta property=\"og:title\" content=\"Careers - Outerminds\" \/>\n<meta property=\"og:description\" content=\"We believe that better games come from happier employees. Join the exciting adventure now by contacting our video game studio from Montreal.\" \/>\n<meta property=\"og:url\" content=\"https:\/\/outerminds.com\/fr\/job-offers\/\" \/>\n<meta property=\"og:site_name\" content=\"Outerminds\" \/>\n<meta property=\"article:publisher\" content=\"https:\/\/www.facebook.com\/OutermindsCreations\/\" \/>\n<meta property=\"article:modified_time\" content=\"2023-11-03T14:43:27+00:00\" \/>\n<meta property=\"og:image\" content=\"https:\/\/outerminds.com\/wp-content\/uploads\/2022\/06\/outerminds.jpg\" \/>\n<meta name=\"twitter:card\" content=\"summary_large_image\" \/>\n<meta name=\"twitter:site\" content=\"@Outerminds\" \/>\n<meta name=\"twitter:label1\" content=\"Estimation du temps de lecture\" \/>\n\t<meta name=\"twitter:data1\" content=\"1 minute\" \/>\n<script type=\"application\/ld+json\" class=\"yoast-schema-graph\">{\"@context\":\"https:\\\/\\\/schema.org\",\"@graph\":[{\"@type\":\"WebPage\",\"@id\":\"https:\\\/\\\/outerminds.com\\\/job-offers\\\/\",\"url\":\"https:\\\/\\\/outerminds.com\\\/job-offers\\\/\",\"name\":\"Careers - Outerminds\",\"isPartOf\":{\"@id\":\"https:\\\/\\\/outerminds.com\\\/fr\\\/#website\"},\"primaryImageOfPage\":{\"@id\":\"https:\\\/\\\/outerminds.com\\\/job-offers\\\/#primaryimage\"},\"image\":{\"@id\":\"https:\\\/\\\/outerminds.com\\\/job-offers\\\/#primaryimage\"},\"thumbnailUrl\":\"https:\\\/\\\/outerminds.com\\\/wp-content\\\/uploads\\\/2022\\\/06\\\/outerminds.jpg\",\"datePublished\":\"2022-01-09T18:47:07+00:00\",\"dateModified\":\"2023-11-03T14:43:27+00:00\",\"description\":\"We believe that better games come from happier employees. Join the exciting adventure now by contacting our video game studio from Montreal.\",\"inLanguage\":\"fr-CA\",\"potentialAction\":[{\"@type\":\"ReadAction\",\"target\":[\"https:\\\/\\\/outerminds.com\\\/job-offers\\\/\"]}]},{\"@type\":\"ImageObject\",\"inLanguage\":\"fr-CA\",\"@id\":\"https:\\\/\\\/outerminds.com\\\/job-offers\\\/#primaryimage\",\"url\":\"https:\\\/\\\/outerminds.com\\\/wp-content\\\/uploads\\\/2022\\\/06\\\/outerminds.jpg\",\"contentUrl\":\"https:\\\/\\\/outerminds.com\\\/wp-content\\\/uploads\\\/2022\\\/06\\\/outerminds.jpg\"},{\"@type\":\"WebSite\",\"@id\":\"https:\\\/\\\/outerminds.com\\\/fr\\\/#website\",\"url\":\"https:\\\/\\\/outerminds.com\\\/fr\\\/\",\"name\":\"Outerminds\",\"description\":\"Video Game Development\",\"publisher\":{\"@id\":\"https:\\\/\\\/outerminds.com\\\/fr\\\/#organization\"},\"potentialAction\":[{\"@type\":\"SearchAction\",\"target\":{\"@type\":\"EntryPoint\",\"urlTemplate\":\"https:\\\/\\\/outerminds.com\\\/fr\\\/?s={search_term_string}\"},\"query-input\":{\"@type\":\"PropertyValueSpecification\",\"valueRequired\":true,\"valueName\":\"search_term_string\"}}],\"inLanguage\":\"fr-CA\"},{\"@type\":\"Organization\",\"@id\":\"https:\\\/\\\/outerminds.com\\\/fr\\\/#organization\",\"name\":\"Outerminds\",\"url\":\"https:\\\/\\\/outerminds.com\\\/fr\\\/\",\"logo\":{\"@type\":\"ImageObject\",\"inLanguage\":\"fr-CA\",\"@id\":\"https:\\\/\\\/outerminds.com\\\/fr\\\/#\\\/schema\\\/logo\\\/image\\\/\",\"url\":\"https:\\\/\\\/outerminds.com\\\/wp-content\\\/uploads\\\/2022\\\/01\\\/Outerminds-Logo-nav-bar.png\",\"contentUrl\":\"https:\\\/\\\/outerminds.com\\\/wp-content\\\/uploads\\\/2022\\\/01\\\/Outerminds-Logo-nav-bar.png\",\"width\":90,\"height\":90,\"caption\":\"Outerminds\"},\"image\":{\"@id\":\"https:\\\/\\\/outerminds.com\\\/fr\\\/#\\\/schema\\\/logo\\\/image\\\/\"},\"sameAs\":[\"https:\\\/\\\/www.facebook.com\\\/OutermindsCreations\\\/\",\"https:\\\/\\\/x.com\\\/Outerminds\",\"https:\\\/\\\/www.instagram.com\\\/outerminds\\\/\",\"https:\\\/\\\/www.linkedin.com\\\/company\\\/outerminds\\\/\",\"https:\\\/\\\/www.youtube.com\\\/channel\\\/UCQusOzwwyXsHoDuyvqcbwjQ\"]}]}<\/script>\n<!-- \/ Yoast SEO plugin. -->","yoast_head_json":{"title":"Careers - Outerminds","description":"We believe that better games come from happier employees. Join the exciting adventure now by contacting our video game studio from Montreal.","robots":{"index":"index","follow":"follow","max-snippet":"max-snippet:-1","max-image-preview":"max-image-preview:large","max-video-preview":"max-video-preview:-1"},"canonical":"https:\/\/outerminds.com\/fr\/job-offers\/","og_locale":"fr_CA","og_type":"article","og_title":"Careers - Outerminds","og_description":"We believe that better games come from happier employees. Join the exciting adventure now by contacting our video game studio from Montreal.","og_url":"https:\/\/outerminds.com\/fr\/job-offers\/","og_site_name":"Outerminds","article_publisher":"https:\/\/www.facebook.com\/OutermindsCreations\/","article_modified_time":"2023-11-03T14:43:27+00:00","og_image":[{"url":"https:\/\/outerminds.com\/wp-content\/uploads\/2022\/06\/outerminds.jpg","type":"","width":"","height":""}],"twitter_card":"summary_large_image","twitter_site":"@Outerminds","twitter_misc":{"Estimation du temps de lecture":"1 minute"},"schema":{"@context":"https:\/\/schema.org","@graph":[{"@type":"WebPage","@id":"https:\/\/outerminds.com\/job-offers\/","url":"https:\/\/outerminds.com\/job-offers\/","name":"Careers - Outerminds","isPartOf":{"@id":"https:\/\/outerminds.com\/fr\/#website"},"primaryImageOfPage":{"@id":"https:\/\/outerminds.com\/job-offers\/#primaryimage"},"image":{"@id":"https:\/\/outerminds.com\/job-offers\/#primaryimage"},"thumbnailUrl":"https:\/\/outerminds.com\/wp-content\/uploads\/2022\/06\/outerminds.jpg","datePublished":"2022-01-09T18:47:07+00:00","dateModified":"2023-11-03T14:43:27+00:00","description":"We believe that better games come from happier employees. Join the exciting adventure now by contacting our video game studio from Montreal.","inLanguage":"fr-CA","potentialAction":[{"@type":"ReadAction","target":["https:\/\/outerminds.com\/job-offers\/"]}]},{"@type":"ImageObject","inLanguage":"fr-CA","@id":"https:\/\/outerminds.com\/job-offers\/#primaryimage","url":"https:\/\/outerminds.com\/wp-content\/uploads\/2022\/06\/outerminds.jpg","contentUrl":"https:\/\/outerminds.com\/wp-content\/uploads\/2022\/06\/outerminds.jpg"},{"@type":"WebSite","@id":"https:\/\/outerminds.com\/fr\/#website","url":"https:\/\/outerminds.com\/fr\/","name":"Outerminds","description":"Video Game Development","publisher":{"@id":"https:\/\/outerminds.com\/fr\/#organization"},"potentialAction":[{"@type":"SearchAction","target":{"@type":"EntryPoint","urlTemplate":"https:\/\/outerminds.com\/fr\/?s={search_term_string}"},"query-input":{"@type":"PropertyValueSpecification","valueRequired":true,"valueName":"search_term_string"}}],"inLanguage":"fr-CA"},{"@type":"Organization","@id":"https:\/\/outerminds.com\/fr\/#organization","name":"Outerminds","url":"https:\/\/outerminds.com\/fr\/","logo":{"@type":"ImageObject","inLanguage":"fr-CA","@id":"https:\/\/outerminds.com\/fr\/#\/schema\/logo\/image\/","url":"https:\/\/outerminds.com\/wp-content\/uploads\/2022\/01\/Outerminds-Logo-nav-bar.png","contentUrl":"https:\/\/outerminds.com\/wp-content\/uploads\/2022\/01\/Outerminds-Logo-nav-bar.png","width":90,"height":90,"caption":"Outerminds"},"image":{"@id":"https:\/\/outerminds.com\/fr\/#\/schema\/logo\/image\/"},"sameAs":["https:\/\/www.facebook.com\/OutermindsCreations\/","https:\/\/x.com\/Outerminds","https:\/\/www.instagram.com\/outerminds\/","https:\/\/www.linkedin.com\/company\/outerminds\/","https:\/\/www.youtube.com\/channel\/UCQusOzwwyXsHoDuyvqcbwjQ"]}]}},"_links":{"self":[{"href":"https:\/\/outerminds.com\/fr\/wp-json\/wp\/v2\/pages\/760","targetHints":{"allow":["GET"]}}],"collection":[{"href":"https:\/\/outerminds.com\/fr\/wp-json\/wp\/v2\/pages"}],"about":[{"href":"https:\/\/outerminds.com\/fr\/wp-json\/wp\/v2\/types\/page"}],"author":[{"embeddable":true,"href":"https:\/\/outerminds.com\/fr\/wp-json\/wp\/v2\/users\/1"}],"replies":[{"embeddable":true,"href":"https:\/\/outerminds.com\/fr\/wp-json\/wp\/v2\/comments?post=760"}],"version-history":[{"count":0,"href":"https:\/\/outerminds.com\/fr\/wp-json\/wp\/v2\/pages\/760\/revisions"}],"wp:attachment":[{"href":"https:\/\/outerminds.com\/fr\/wp-json\/wp\/v2\/media?parent=760"}],"curies":[{"name":"wp","href":"https:\/\/api.w.org\/{rel}","templated":true}]}}